{"id":8,"date":"2024-05-13T19:06:30","date_gmt":"2024-05-13T19:06:30","guid":{"rendered":"https:\/\/www.iluminaeng.com.br\/site\/?page_id=8"},"modified":"2024-10-04T21:11:08","modified_gmt":"2024-10-04T21:11:08","slug":"inicio","status":"publish","type":"page","link":"https:\/\/www.iluminaeng.com.br\/site\/","title":{"rendered":"In\u00edcio"},"content":{"rendered":"<div style=\"display: none;\">\n<p>energia solar em rondon\u00f3polis engenharia rondon\u00f3polis, ilumina em rondon\u00f3polis, luz, rondon\u00f3polis mt, luz e energia solar em placas rondon\u00f3polis<\/p>\n<h1>luz em rondon\u00f3polis,\u00a0ilumina rondon\u00f3polis, engenharia rondon\u00f3polis,<\/h1>\n<h2>luz em rondon\u00f3polis, energia solar em rondon\u00f3polis e regi\u00e3o, engenharia rondon\u00f3polis em rondon\u00f3polis, luz venda ilumina energia solar em placas rondon\u00f3polis, energia solar em em rondon\u00f3polis mt, luz, para rondon\u00f3polis e regi\u00e3o, luz para rondon\u00f3polis e regi\u00e3o\u00a0energia solar em energia solar em energia solar em placas rondon\u00f3polis de luz em rondon\u00f3polis, energia solar em rondon\u00f3polis e regi\u00e3o, engenharia rondon\u00f3polis em rondon\u00f3polis, luz venda ilumina energia solar em placas rondon\u00f3polis, energia solar em em rondon\u00f3polis mt, luz,<a title=\"energia solar em energia solar em energia solar em placas rondon\u00f3polis de luz em rondon\u00f3polis, energia solar em rondon\u00f3polis e regi\u00e3o, engenharia rondon\u00f3polis em rondon\u00f3polis, luz venda ilumina energia solar em placas rondon\u00f3polis, energia solar em em rondon\u00f3polis mt, luz, para rondon\u00f3polis e regi\u00e3o, luz para rondon\u00f3polis e regi\u00e3o\" href=\"https:\/\/www.iluminaeng.com.br\">para rondon\u00f3polis e regi\u00e3o, luz para rondon\u00f3polis e regi\u00e3o\u00a0energia solar em energia solar em energia solar em placas rondon\u00f3polis de luz em rondon\u00f3polis, energia solar em rondon\u00f3polis e regi\u00e3o, engenharia rondon\u00f3polis em rondon\u00f3polis, luz venda ilumina energia solar em placas rondon\u00f3polis, energia solar em em rondon\u00f3polis mt, luz<\/a>, para rondon\u00f3polis e regi\u00e3o, luz para rondon\u00f3polis e regi\u00e3o\u00a0energia solar em energia solar em energia solar em placas rondon\u00f3polis de luz em rondon\u00f3polis, energia solar em rondon\u00f3polis e regi\u00e3o, engenharia rondon\u00f3polis em rondon\u00f3polis, luz venda ilumina energia solar em placas rondon\u00f3polis, energia solar em em rondon\u00f3polis mt, luz, para rondon\u00f3polis e regi\u00e3o, luz para rondon\u00f3polis e regi\u00e3o\u00a0energia solar em energia solar em energia solar em placas rondon\u00f3polis de luz em rondon\u00f3polis, energia solar em rondon\u00f3polis e regi\u00e3o, engenharia rondon\u00f3polis em rondon\u00f3polis, luz venda ilumina energia solar em placas rondon\u00f3polis, energia solar em em rondon\u00f3polis mt, luz, para rondon\u00f3polis e regi\u00e3o,<a title=\"energia solar em energia solar em energia solar em placas rondon\u00f3polis de luz em rondon\u00f3polis, energia solar em rondon\u00f3polis e regi\u00e3o, engenharia rondon\u00f3polis em rondon\u00f3polis, luz venda ilumina energia solar em placas rondon\u00f3polis, energia solar em em rondon\u00f3polis mt, luz, para rondon\u00f3polis e regi\u00e3o, luz para rondon\u00f3polis e regi\u00e3o\" href=\"https:\/\/www.iluminaeng.com.br\/site\">luz para rondon\u00f3polis e regi\u00e3o\u00a0energia solar em energia solar em energia solar em placas rondon\u00f3polis de luz em rondon\u00f3polis, energia solar em rondon\u00f3polis e regi\u00e3o, cria\u00e7\u00e3o de sit<\/a>es em rondon\u00f3polis, luz venda ilumina energia solar em placas rondon\u00f3polis, energia solar em em rondon\u00f3polis mt, luz, para rondon\u00f3polis e regi\u00e3o, luz para rondon\u00f3polis e regi\u00e3o<\/h2>\n<div id=\"attachment_747\" style=\"width: 353px\" class=\"wp-caption aligncenter\"><a href=\"https:\/\/www.iluminaeng.com.br\/site\/wp-content\/uploads\/2013\/06\/per\u00edcia-m\u00e9dica-passo-fundo-mt.jpg\"><img decoding=\"async\" aria-describedby=\"caption-attachment-747\" class=\"size-full wp-image-747 \" title=\"energia solar em energia solar em energia solar em placas rondon\u00f3polis de luz em rondon\u00f3polis\" src=\"https:\/\/www.iluminaeng.com.br\/site\/wp-content\/uploads\/2013\/06\/per\u00edcia-m\u00e9dica-passo-fundo-mt.jpg\" alt=\"energia solar em energia solar em energia solar em placas rondon\u00f3polis de luz em rondon\u00f3polis\" width=\"343\" height=\"300\" loading=\"lazy\" \/><\/a><p id=\"caption-attachment-747\" class=\"wp-caption-text\">energia solar em energia solar em energia solar em placas rondon\u00f3polis de luz em rondon\u00f3polis<\/p><\/div>\n<\/div>\n","protected":false},"excerpt":{"rendered":"<p>energia solar em rondon\u00f3polis engenharia rondon\u00f3polis, ilumina em rondon\u00f3polis, luz, rondon\u00f3polis mt, luz e energia solar em placas rondon\u00f3polis luz em rondon\u00f3polis,\u00a0ilumina rondon\u00f3polis, engenharia rondon\u00f3polis, luz em rondon\u00f3polis, energia solar em rondon\u00f3polis e regi\u00e3o, engenharia rondon\u00f3polis em rondon\u00f3polis, luz venda ilumina energia solar em placas rondon\u00f3polis, energia solar em em rondon\u00f3polis mt, luz, para rondon\u00f3polis [&hellip;]<\/p>\n","protected":false},"author":1,"featured_media":0,"parent":0,"menu_order":3,"comment_status":"closed","ping_status":"closed","template":"template-inicio2.php","meta":{"footnotes":""},"_links":{"self":[{"href":"https:\/\/www.iluminaeng.com.br\/site\/wp-json\/wp\/v2\/pages\/8"}],"collection":[{"href":"https:\/\/www.iluminaeng.com.br\/site\/wp-json\/wp\/v2\/pages"}],"about":[{"href":"https:\/\/www.iluminaeng.com.br\/site\/wp-json\/wp\/v2\/types\/page"}],"author":[{"embeddable":true,"href":"https:\/\/www.iluminaeng.com.br\/site\/wp-json\/wp\/v2\/users\/1"}],"replies":[{"embeddable":true,"href":"https:\/\/www.iluminaeng.com.br\/site\/wp-json\/wp\/v2\/comments?post=8"}],"version-history":[{"count":14,"href":"https:\/\/www.iluminaeng.com.br\/site\/wp-json\/wp\/v2\/pages\/8\/revisions"}],"predecessor-version":[{"id":135,"href":"https:\/\/www.iluminaeng.com.br\/site\/wp-json\/wp\/v2\/pages\/8\/revisions\/135"}],"wp:attachment":[{"href":"https:\/\/www.iluminaeng.com.br\/site\/wp-json\/wp\/v2\/media?parent=8"}],"curies":[{"name":"wp","href":"https:\/\/api.w.org\/{rel}","templated":true}]}}